{"id":4094,"date":"2015-12-22T15:38:18","date_gmt":"2015-12-22T14:38:18","guid":{"rendered":"https:\/\/ville-valdeblore.fr\/?page_id=4094"},"modified":"2026-03-24T20:03:18","modified_gmt":"2026-03-24T19:03:18","slug":"mentions-legales","status":"publish","type":"page","link":"https:\/\/ville-valdeblore.fr\/?page_id=4094","title":{"rendered":"Mentions l\u00e9gales"},"content":{"rendered":"<p>Le pr\u00e9sent site est la propri\u00e9t\u00e9 de la mairie de Valdeblore.<br \/>\nLe directeur de la publication est Monsieur le maire Fernand BLANCHI, le webmaster est Monsieur Julien LEROYER<br \/>\nLe site est h\u00e9berg\u00e9 par la soci\u00e9t\u00e9 OVH SAS, situ\u00e9e 140 Quai du Sartel \u2013 59100 Roubaix \u2013 France, sur ses mat\u00e9riels.<\/p>\n<p>&nbsp;<\/p>\n<h3>DROITS ET DEVOIRS DE L\u2019UTILISATEUR<\/h3>\n<p>L\u2019utilisateur du pr\u00e9sent site reconna\u00eet disposer de la comp\u00e9tence et des moyens n\u00e9cessaires pour acc\u00e9der \u00e0 ce site, l\u2019utiliser et avoir v\u00e9rifi\u00e9 que la configuration informatique utilis\u00e9e ne contient aucun virus et qu\u2019elle est en parfait \u00e9tat de fonctionnement.<\/p>\n<p>En conformit\u00e9 avec les dispositions de la loi du 6 janvier 1978 relative \u00e0 l\u2019Informatique, aux fichiers et aux libert\u00e9s, le traitement automatis\u00e9 de donn\u00e9es nominatives r\u00e9alis\u00e9 \u00e0 partir de ce site web a fait l\u2019objet d\u2019une d\u00e9claration aupr\u00e8s de la Commission Nationale de l\u2019Informatique et des Libert\u00e9s (CNIL) (num\u00e9ro de d\u00e9claration 1044235).<\/p>\n<p>L\u2019utilisateur est notamment inform\u00e9, conform\u00e9ment \u00e0 cette loi, que les informations qu\u2019il communique par le biais des formulaires pr\u00e9sents sur le site sont n\u00e9cessaires pour r\u00e9pondre \u00e0 sa demande, et sont destin\u00e9es \u00e0 la\u00a0mairie de Valdeblore, responsable du traitement. L\u2019utilisateur est inform\u00e9 qu\u2019il dispose d\u2019un droit d\u2019acc\u00e8s et de rectification portant sur les donn\u00e9es le concernant aupr\u00e8s de la\u00a0mairie de Valdeblore, H\u00f4tel de Ville &#8211; La Bolline<br \/>\n06420, Valdeblore.<\/p>\n<p>L\u2019utilisateur est \u00e9galement inform\u00e9 que lors de ses visites sur le site un cookie peut s\u2019installer automatiquement sur son logiciel de navigation. Le cookie est un bloc de donn\u00e9es qui ne permet pas de l\u2019identifier, mais qui sert \u00e0 enregistrer des informations relatives \u00e0 la navigation de celui-ci sur le site. Le param\u00e9trage du logiciel de navigation permet d\u2019informer de la pr\u00e9sence d\u2019un cookie et notamment de le refuser.<\/p>\n<h3>UTILISATION DES\u00a0DONN\u00c9ES\u00a0DU SITE<\/h3>\n<p>Les utilisateurs du pr\u00e9sent site sont tenus de respecter les dispositions de la loi relative \u00e0 l\u2019Informatique, aux fichiers et aux libert\u00e9s, dont la violation est passible de sanctions p\u00e9nales. Ils doivent notamment s\u2019abstenir, s\u2019agissant des informations nominatives auxquelles ils acc\u00e8dent, de toute collecte en vue d\u2019une utilisation d\u00e9tourn\u00e9e, et de mani\u00e8re g\u00e9n\u00e9rale, de tout acte susceptible de porter atteinte \u00e0 la vie priv\u00e9e ou \u00e0 la r\u00e9putation des personnes.<\/p>\n<p>La structure g\u00e9n\u00e9rale, ainsi que les logiciels, textes, images anim\u00e9es ou non, son savoir-faire, et tous autres \u00e9l\u00e9ments composants le site sont la propri\u00e9t\u00e9 exclusive de la mairie de Valdeblore, sauf mention sp\u00e9ciale. Toute repr\u00e9sentation totale ou partielle de ce site par quelque proc\u00e9d\u00e9 que ce soit, sans l\u2019autorisation expresse de la mairie de Valdeblore est interdite et constituerait une contrefa\u00e7on sanctionn\u00e9e par les articles L.335-2 et suivants du Code de la propri\u00e9t\u00e9 intellectuelle.<\/p>\n<p>Il en est de m\u00eame des bases de donn\u00e9es figurant sur le site Web, dont\u00a0la mairie de Valdeblore est producteur et qui sont prot\u00e9g\u00e9es par les dispositions de la loi du 1er juillet 1998 portant transposition dans le Code de la propri\u00e9t\u00e9 intellectuelle de la directive europ\u00e9enne du 11 mars 1996 relative \u00e0 la protection juridique des bases de donn\u00e9es.<\/p>\n<div id=\"themify_builder_content-4094\" data-postid=\"4094\" class=\"themify_builder_content themify_builder_content-4094 themify_builder\">\n\n    <\/div>\n<!-- \/themify_builder_content -->","protected":false},"excerpt":{"rendered":"<p>Le pr\u00e9sent site est la propri\u00e9t\u00e9 de la mairie de Valdeblore. Le directeur de la publication est Monsieur le maire Fernand BLANCHI, le webmaster est Monsieur Julien LEROYER Le site [&hellip;]<\/p>\n","protected":false},"author":1,"featured_media":0,"parent":0,"menu_order":0,"comment_status":"closed","ping_status":"closed","template":"","meta":{"footnotes":""},"yoast_head":"<!-- This site is optimized with the Yoast SEO plugin v23.0 - https:\/\/yoast.com\/wordpress\/plugins\/seo\/ -->\n<title>Mentions l\u00e9gales - Valdeblore<\/title>\n<meta name=\"robots\" content=\"index, follow, max-snippet:-1, max-image-preview:large, max-video-preview:-1\" \/>\n<link rel=\"canonical\" href=\"https:\/\/ville-valdeblore.fr\/?page_id=4094\" \/>\n<meta property=\"og:locale\" content=\"fr_FR\" \/>\n<meta property=\"og:type\" content=\"article\" \/>\n<meta property=\"og:title\" content=\"Mentions l\u00e9gales - Valdeblore\" \/>\n<meta property=\"og:description\" content=\"Le pr\u00e9sent site est la propri\u00e9t\u00e9 de la mairie de Valdeblore. Le directeur de la publication est Monsieur le maire Fernand BLANCHI, le webmaster est Monsieur Julien LEROYER Le site [&hellip;]\" \/>\n<meta property=\"og:url\" content=\"https:\/\/ville-valdeblore.fr\/?page_id=4094\" \/>\n<meta property=\"og:site_name\" content=\"Valdeblore\" \/>\n<meta property=\"article:modified_time\" content=\"2026-03-24T19:03:18+00:00\" \/>\n<meta name=\"twitter:label1\" content=\"Dur\u00e9e de lecture estim\u00e9e\" \/>\n\t<meta name=\"twitter:data1\" content=\"3 minutes\" \/>\n<script type=\"application\/ld+json\" class=\"yoast-schema-graph\">{\"@context\":\"https:\/\/schema.org\",\"@graph\":[{\"@type\":\"WebPage\",\"@id\":\"https:\/\/ville-valdeblore.fr\/?page_id=4094\",\"url\":\"https:\/\/ville-valdeblore.fr\/?page_id=4094\",\"name\":\"Mentions l\u00e9gales - Valdeblore\",\"isPartOf\":{\"@id\":\"https:\/\/ville-valdeblore.fr\/#website\"},\"datePublished\":\"2015-12-22T14:38:18+00:00\",\"dateModified\":\"2026-03-24T19:03:18+00:00\",\"breadcrumb\":{\"@id\":\"https:\/\/ville-valdeblore.fr\/?page_id=4094#breadcrumb\"},\"inLanguage\":\"fr-FR\",\"potentialAction\":[{\"@type\":\"ReadAction\",\"target\":[\"https:\/\/ville-valdeblore.fr\/?page_id=4094\"]}]},{\"@type\":\"BreadcrumbList\",\"@id\":\"https:\/\/ville-valdeblore.fr\/?page_id=4094#breadcrumb\",\"itemListElement\":[{\"@type\":\"ListItem\",\"position\":1,\"name\":\"Accueil\",\"item\":\"https:\/\/ville-valdeblore.fr\/\"},{\"@type\":\"ListItem\",\"position\":2,\"name\":\"Mentions l\u00e9gales\"}]},{\"@type\":\"WebSite\",\"@id\":\"https:\/\/ville-valdeblore.fr\/#website\",\"url\":\"https:\/\/ville-valdeblore.fr\/\",\"name\":\"Valdeblore\",\"description\":\"Entre Tin\u00e9e et V\u00e9subie\",\"potentialAction\":[{\"@type\":\"SearchAction\",\"target\":{\"@type\":\"EntryPoint\",\"urlTemplate\":\"https:\/\/ville-valdeblore.fr\/?s={search_term_string}\"},\"query-input\":\"required name=search_term_string\"}],\"inLanguage\":\"fr-FR\"}]}<\/script>\n<!-- \/ Yoast SEO plugin. -->","yoast_head_json":{"title":"Mentions l\u00e9gales - Valdeblore","robots":{"index":"index","follow":"follow","max-snippet":"max-snippet:-1","max-image-preview":"max-image-preview:large","max-video-preview":"max-video-preview:-1"},"canonical":"https:\/\/ville-valdeblore.fr\/?page_id=4094","og_locale":"fr_FR","og_type":"article","og_title":"Mentions l\u00e9gales - Valdeblore","og_description":"Le pr\u00e9sent site est la propri\u00e9t\u00e9 de la mairie de Valdeblore. Le directeur de la publication est Monsieur le maire Fernand BLANCHI, le webmaster est Monsieur Julien LEROYER Le site [&hellip;]","og_url":"https:\/\/ville-valdeblore.fr\/?page_id=4094","og_site_name":"Valdeblore","article_modified_time":"2026-03-24T19:03:18+00:00","twitter_misc":{"Dur\u00e9e de lecture estim\u00e9e":"3 minutes"},"schema":{"@context":"https:\/\/schema.org","@graph":[{"@type":"WebPage","@id":"https:\/\/ville-valdeblore.fr\/?page_id=4094","url":"https:\/\/ville-valdeblore.fr\/?page_id=4094","name":"Mentions l\u00e9gales - Valdeblore","isPartOf":{"@id":"https:\/\/ville-valdeblore.fr\/#website"},"datePublished":"2015-12-22T14:38:18+00:00","dateModified":"2026-03-24T19:03:18+00:00","breadcrumb":{"@id":"https:\/\/ville-valdeblore.fr\/?page_id=4094#breadcrumb"},"inLanguage":"fr-FR","potentialAction":[{"@type":"ReadAction","target":["https:\/\/ville-valdeblore.fr\/?page_id=4094"]}]},{"@type":"BreadcrumbList","@id":"https:\/\/ville-valdeblore.fr\/?page_id=4094#breadcrumb","itemListElement":[{"@type":"ListItem","position":1,"name":"Accueil","item":"https:\/\/ville-valdeblore.fr\/"},{"@type":"ListItem","position":2,"name":"Mentions l\u00e9gales"}]},{"@type":"WebSite","@id":"https:\/\/ville-valdeblore.fr\/#website","url":"https:\/\/ville-valdeblore.fr\/","name":"Valdeblore","description":"Entre Tin\u00e9e et V\u00e9subie","potentialAction":[{"@type":"SearchAction","target":{"@type":"EntryPoint","urlTemplate":"https:\/\/ville-valdeblore.fr\/?s={search_term_string}"},"query-input":"required name=search_term_string"}],"inLanguage":"fr-FR"}]}},"publishpress_future_action":{"enabled":false,"date":"2026-04-16 06:33:59","action":"change-status","newStatus":"draft","terms":[],"taxonomy":"language"},"_links":{"self":[{"href":"https:\/\/ville-valdeblore.fr\/index.php?rest_route=\/wp\/v2\/pages\/4094"}],"collection":[{"href":"https:\/\/ville-valdeblore.fr\/index.php?rest_route=\/wp\/v2\/pages"}],"about":[{"href":"https:\/\/ville-valdeblore.fr\/index.php?rest_route=\/wp\/v2\/types\/page"}],"author":[{"embeddable":true,"href":"https:\/\/ville-valdeblore.fr\/index.php?rest_route=\/wp\/v2\/users\/1"}],"replies":[{"embeddable":true,"href":"https:\/\/ville-valdeblore.fr\/index.php?rest_route=%2Fwp%2Fv2%2Fcomments&post=4094"}],"version-history":[{"count":2,"href":"https:\/\/ville-valdeblore.fr\/index.php?rest_route=\/wp\/v2\/pages\/4094\/revisions"}],"predecessor-version":[{"id":5916,"href":"https:\/\/ville-valdeblore.fr\/index.php?rest_route=\/wp\/v2\/pages\/4094\/revisions\/5916"}],"wp:attachment":[{"href":"https:\/\/ville-valdeblore.fr\/index.php?rest_route=%2Fwp%2Fv2%2Fmedia&parent=4094"}],"curies":[{"name":"wp","href":"https:\/\/api.w.org\/{rel}","templated":true}]}}