{"id":2653,"date":"2015-10-23T08:14:56","date_gmt":"2015-10-23T07:14:56","guid":{"rendered":"https:\/\/ville-valdeblore.fr\/?page_id=2653"},"modified":"2022-12-12T16:19:45","modified_gmt":"2022-12-12T15:19:45","slug":"accueil","status":"publish","type":"page","link":"https:\/\/ville-valdeblore.fr\/","title":{"rendered":"Accueil"},"content":{"rendered":"<div id=\"themify_builder_content-2653\" data-postid=\"2653\" class=\"themify_builder_content themify_builder_content-2653 themify_builder\">\n\n    \t\n\t\t<!-- module_row -->\n\t\t\t<div  class=\"themify_builder_row module_row clearfix module_row_0 themify_builder_2653_row module_row_2653-0\">\n\t\t\t\t                                <div class=\"row_inner \" >\n\n                                    \n\t\t<div  class=\"tb-column col-full first module_column tb_2653_column module_column_0 module_column_2653-0-0\" >\n                                                                <div class=\"tb-column-inner\">\n                            \n\n    <!-- module widget -->\n    <div  id=\"widget-2653-0-0-0\" class=\"module module-widget widget-2653-0-0-0   \">\n        <h3 class=\"module-title\">Agenda<\/h3>    <\/div>\n    <!-- \/module widget -->\n\n\n<!-- module text -->\n<div  id=\"text-2653-0-0-1\" class=\"module module-text text-2653-0-0-1  repeat \">\n    \n    <div class=\"ecs-no-events\">Il n\u2019y a pas de \u00e9v\u00e8nements \u00e0 venir.<\/div><\/div>\n<!-- \/module text -->\n                        <\/div>\n                    \t\t<\/div>\n\t\t<!-- \/.tb-column -->\n\t\t\n\t\t\n                                <\/div>\n                                <!-- \/row_inner -->\n                        <\/div>\n                        <!-- \/module_row -->\n\t\t<\/div>\n","protected":false},"excerpt":{"rendered":"","protected":false},"author":1,"featured_media":0,"parent":0,"menu_order":0,"comment_status":"closed","ping_status":"closed","template":"","meta":{"footnotes":""},"yoast_head":"<!-- This site is optimized with the Yoast SEO plugin v23.0 - https:\/\/yoast.com\/wordpress\/plugins\/seo\/ -->\n<title>Accueil - Valdeblore<\/title>\n<meta name=\"robots\" content=\"index, follow, max-snippet:-1, max-image-preview:large, max-video-preview:-1\" \/>\n<link rel=\"canonical\" href=\"https:\/\/ville-valdeblore.fr\/\" \/>\n<meta property=\"og:locale\" content=\"fr_FR\" \/>\n<meta property=\"og:type\" content=\"article\" \/>\n<meta property=\"og:title\" content=\"Accueil - Valdeblore\" \/>\n<meta property=\"og:url\" content=\"https:\/\/ville-valdeblore.fr\/\" \/>\n<meta property=\"og:site_name\" content=\"Valdeblore\" \/>\n<meta property=\"article:modified_time\" content=\"2022-12-12T15:19:45+00:00\" \/>\n<meta property=\"og:image\" content=\"https:\/\/ville-valdeblore.fr\/wp-content\/uploads\/2022\/12\/christmas-g66858c17b_640-300x200.jpg\" \/>\n<script type=\"application\/ld+json\" class=\"yoast-schema-graph\">{\"@context\":\"https:\/\/schema.org\",\"@graph\":[{\"@type\":\"WebPage\",\"@id\":\"https:\/\/ville-valdeblore.fr\/\",\"url\":\"https:\/\/ville-valdeblore.fr\/\",\"name\":\"Accueil - Valdeblore\",\"isPartOf\":{\"@id\":\"https:\/\/ville-valdeblore.fr\/#website\"},\"primaryImageOfPage\":{\"@id\":\"https:\/\/ville-valdeblore.fr\/#primaryimage\"},\"image\":{\"@id\":\"https:\/\/ville-valdeblore.fr\/#primaryimage\"},\"thumbnailUrl\":\"https:\/\/ville-valdeblore.fr\/wp-content\/uploads\/2022\/12\/christmas-g66858c17b_640-300x200.jpg\",\"datePublished\":\"2015-10-23T07:14:56+00:00\",\"dateModified\":\"2022-12-12T15:19:45+00:00\",\"breadcrumb\":{\"@id\":\"https:\/\/ville-valdeblore.fr\/#breadcrumb\"},\"inLanguage\":\"fr-FR\",\"potentialAction\":[{\"@type\":\"ReadAction\",\"target\":[\"https:\/\/ville-valdeblore.fr\/\"]}]},{\"@type\":\"ImageObject\",\"inLanguage\":\"fr-FR\",\"@id\":\"https:\/\/ville-valdeblore.fr\/#primaryimage\",\"url\":\"https:\/\/ville-valdeblore.fr\/wp-content\/uploads\/2022\/12\/christmas-g66858c17b_640.jpg\",\"contentUrl\":\"https:\/\/ville-valdeblore.fr\/wp-content\/uploads\/2022\/12\/christmas-g66858c17b_640.jpg\",\"width\":640,\"height\":427},{\"@type\":\"BreadcrumbList\",\"@id\":\"https:\/\/ville-valdeblore.fr\/#breadcrumb\",\"itemListElement\":[{\"@type\":\"ListItem\",\"position\":1,\"name\":\"Accueil\",\"item\":\"https:\/\/ville-valdeblore.fr\/\"},{\"@type\":\"ListItem\",\"position\":2,\"name\":\"Accueil\"}]},{\"@type\":\"WebSite\",\"@id\":\"https:\/\/ville-valdeblore.fr\/#website\",\"url\":\"https:\/\/ville-valdeblore.fr\/\",\"name\":\"Valdeblore\",\"description\":\"Entre Tin\u00e9e et V\u00e9subie\",\"potentialAction\":[{\"@type\":\"SearchAction\",\"target\":{\"@type\":\"EntryPoint\",\"urlTemplate\":\"https:\/\/ville-valdeblore.fr\/?s={search_term_string}\"},\"query-input\":\"required name=search_term_string\"}],\"inLanguage\":\"fr-FR\"}]}<\/script>\n<!-- \/ Yoast SEO plugin. -->","yoast_head_json":{"title":"Accueil - Valdeblore","robots":{"index":"index","follow":"follow","max-snippet":"max-snippet:-1","max-image-preview":"max-image-preview:large","max-video-preview":"max-video-preview:-1"},"canonical":"https:\/\/ville-valdeblore.fr\/","og_locale":"fr_FR","og_type":"article","og_title":"Accueil - Valdeblore","og_url":"https:\/\/ville-valdeblore.fr\/","og_site_name":"Valdeblore","article_modified_time":"2022-12-12T15:19:45+00:00","og_image":[{"url":"https:\/\/ville-valdeblore.fr\/wp-content\/uploads\/2022\/12\/christmas-g66858c17b_640-300x200.jpg"}],"schema":{"@context":"https:\/\/schema.org","@graph":[{"@type":"WebPage","@id":"https:\/\/ville-valdeblore.fr\/","url":"https:\/\/ville-valdeblore.fr\/","name":"Accueil - Valdeblore","isPartOf":{"@id":"https:\/\/ville-valdeblore.fr\/#website"},"primaryImageOfPage":{"@id":"https:\/\/ville-valdeblore.fr\/#primaryimage"},"image":{"@id":"https:\/\/ville-valdeblore.fr\/#primaryimage"},"thumbnailUrl":"https:\/\/ville-valdeblore.fr\/wp-content\/uploads\/2022\/12\/christmas-g66858c17b_640-300x200.jpg","datePublished":"2015-10-23T07:14:56+00:00","dateModified":"2022-12-12T15:19:45+00:00","breadcrumb":{"@id":"https:\/\/ville-valdeblore.fr\/#breadcrumb"},"inLanguage":"fr-FR","potentialAction":[{"@type":"ReadAction","target":["https:\/\/ville-valdeblore.fr\/"]}]},{"@type":"ImageObject","inLanguage":"fr-FR","@id":"https:\/\/ville-valdeblore.fr\/#primaryimage","url":"https:\/\/ville-valdeblore.fr\/wp-content\/uploads\/2022\/12\/christmas-g66858c17b_640.jpg","contentUrl":"https:\/\/ville-valdeblore.fr\/wp-content\/uploads\/2022\/12\/christmas-g66858c17b_640.jpg","width":640,"height":427},{"@type":"BreadcrumbList","@id":"https:\/\/ville-valdeblore.fr\/#breadcrumb","itemListElement":[{"@type":"ListItem","position":1,"name":"Accueil","item":"https:\/\/ville-valdeblore.fr\/"},{"@type":"ListItem","position":2,"name":"Accueil"}]},{"@type":"WebSite","@id":"https:\/\/ville-valdeblore.fr\/#website","url":"https:\/\/ville-valdeblore.fr\/","name":"Valdeblore","description":"Entre Tin\u00e9e et V\u00e9subie","potentialAction":[{"@type":"SearchAction","target":{"@type":"EntryPoint","urlTemplate":"https:\/\/ville-valdeblore.fr\/?s={search_term_string}"},"query-input":"required name=search_term_string"}],"inLanguage":"fr-FR"}]}},"publishpress_future_action":{"enabled":false,"date":"2026-04-28 13:35:47","action":"change-status","newStatus":"draft","terms":[],"taxonomy":"language"},"_links":{"self":[{"href":"https:\/\/ville-valdeblore.fr\/index.php?rest_route=\/wp\/v2\/pages\/2653"}],"collection":[{"href":"https:\/\/ville-valdeblore.fr\/index.php?rest_route=\/wp\/v2\/pages"}],"about":[{"href":"https:\/\/ville-valdeblore.fr\/index.php?rest_route=\/wp\/v2\/types\/page"}],"author":[{"embeddable":true,"href":"https:\/\/ville-valdeblore.fr\/index.php?rest_route=\/wp\/v2\/users\/1"}],"replies":[{"embeddable":true,"href":"https:\/\/ville-valdeblore.fr\/index.php?rest_route=%2Fwp%2Fv2%2Fcomments&post=2653"}],"version-history":[{"count":16,"href":"https:\/\/ville-valdeblore.fr\/index.php?rest_route=\/wp\/v2\/pages\/2653\/revisions"}],"predecessor-version":[{"id":5532,"href":"https:\/\/ville-valdeblore.fr\/index.php?rest_route=\/wp\/v2\/pages\/2653\/revisions\/5532"}],"wp:attachment":[{"href":"https:\/\/ville-valdeblore.fr\/index.php?rest_route=%2Fwp%2Fv2%2Fmedia&parent=2653"}],"curies":[{"name":"wp","href":"https:\/\/api.w.org\/{rel}","templated":true}]}}